{"id":179,"date":"2025-05-21T14:11:40","date_gmt":"2025-05-21T14:11:40","guid":{"rendered":"https:\/\/timberlanemcleanpyramid.com\/?page_id=179"},"modified":"2025-06-06T03:49:26","modified_gmt":"2025-06-06T03:49:26","slug":"habla-espanol","status":"publish","type":"page","link":"https:\/\/timberlanemcleanpyramid.com\/?page_id=179","title":{"rendered":"\u00bfHabla Espa\u00f1ol?"},"content":{"rendered":"\n<h2 class=\"wp-block-heading\"><\/h2>\n\n\n\n<h2 class=\"wp-block-heading\"><strong>\u00a1Guarde los l\u00edmites geogr\u00e1ficos existentes de la escuela Timberlane\/Longfellow\/McLean!<\/strong><\/h2>\n\n\n\n<p>El&nbsp;<strong>15 de mayo de 2025,&nbsp;<\/strong>el Comit\u00e9 de L\u00edmites de las Escuelas P\u00fablicas del Condado de Fairfax (FCPS) public\u00f3 tres propuestas de ajustes de l\u00edmites a trav\u00e9s de su herramienta \u201cScenario Explorer Tool\u201d. Los tres escenarios cambiar\u00edan a los estudiantes de una pir\u00e1mide de la&nbsp;<strong>Escuela Primaria Timber Lane\/Escuela Intermedia Longfellow\/Escuela Secundaria McLean (MHS)&nbsp;<\/strong>a una&nbsp; pir\u00e1mide de&nbsp;<strong>la Escuela Primaria Timber Lane\/Escuela Secundaria Luther Jackson\/Escuela Secundaria Falls Church (FCHS<\/strong>).<\/p>\n\n\n\n<p>Las familias afectadas&nbsp;<strong>no apoyan<\/strong>&nbsp;este cambio de l\u00edmites.<\/p>\n\n\n\n<p>La comunidad est\u00e1 comenzando a organizarse: volantes, letreros en el c\u00e9sped, reuniones con la junta escolar, redacci\u00f3n de argumentos, etc.&nbsp;Podemos utilizar cualquier experiencia\/contactos en pol\u00edtica, medios de comunicaci\u00f3n locales, cabildeo local, etc. Vecinos, \u00fanase al grupo de Facebook para recibir las \u00faltimas noticias y contribuir con ideas \/ brindar ayuda. En esa p\u00e1gina, las donaciones se est\u00e1n recolectando a trav\u00e9s de Venmo- estos fondos se utilizan para folletos, letreros, alojamiento web, reservas de espacios para reuniones, etc.<\/p>\n\n\n\n<p>Para obtener m\u00e1s informaci\u00f3n, consulte este folleto<\/p>\n\n\n\n<div data-wp-interactive=\"core\/file\" class=\"wp-block-file\"><object data-wp-bind--hidden=\"!state.hasPdfPreview\" hidden class=\"wp-block-file__embed\" data=\"https:\/\/timberlanemcleanpyramid.com\/wp-content\/uploads\/2025\/05\/Timber_Lane_Flyer_Styled_Spanish.pdf\" type=\"application\/pdf\" style=\"width:100%;height:600px\" aria-label=\"Embed of Timber_Lane_Flyer_Styled_Spanish.\"><\/object><a id=\"wp-block-file--media-90dff227-1df8-4f9f-8953-a2a1397b5e75\" href=\"https:\/\/timberlanemcleanpyramid.com\/wp-content\/uploads\/2025\/05\/Timber_Lane_Flyer_Styled_Spanish.pdf\">Timber_Lane_Flyer_Styled_Spanish<\/a><a href=\"https:\/\/timberlanemcleanpyramid.com\/wp-content\/uploads\/2025\/05\/Timber_Lane_Flyer_Styled_Spanish.pdf\" class=\"wp-block-file__button wp-element-button\" download aria-describedby=\"wp-block-file--media-90dff227-1df8-4f9f-8953-a2a1397b5e75\">Download<\/a><\/div>\n","protected":false},"excerpt":{"rendered":"<p>\u00a1Guarde los l\u00edmites geogr\u00e1ficos existentes de la escuela Timberlane\/Longfellow\/McLean! El&nbsp;15 de mayo de 2025,&nbsp;el Comit\u00e9 de L\u00edmites de las Escuelas [&hellip;]<\/p>\n","protected":false},"author":1,"featured_media":0,"parent":0,"menu_order":0,"comment_status":"closed","ping_status":"closed","template":"","meta":{"_uag_custom_page_level_css":"","site-sidebar-layout":"default","site-content-layout":"","ast-site-content-layout":"","site-content-style":"default","site-sidebar-style":"default","ast-global-header-display":"","ast-banner-title-visibility":"","ast-main-header-display":"","ast-hfb-above-header-display":"","ast-hfb-below-header-display":"","ast-hfb-mobile-header-display":"","site-post-title":"disabled","ast-breadcrumbs-content":"","ast-featured-img":"","footer-sml-layout":"","theme-transparent-header-meta":"","adv-header-id-meta":"","stick-header-meta":"","header-above-stick-meta":"","header-main-stick-meta":"","header-below-stick-meta":"","astra-migrate-meta-layouts":"default","ast-page-background-enabled":"default","ast-page-background-meta":{"desktop":{"background-color":"var(--ast-global-color-5)","background-image":"","background-repeat":"repeat","background-position":"center center","background-size":"auto","background-attachment":"scroll","background-type":"","background-media":"","overlay-type":"","overlay-color":"","overlay-opacity":"","overlay-gradient":""},"tablet":{"background-color":"","background-image":"","background-repeat":"repeat","background-position":"center center","background-size":"auto","background-attachment":"scroll","background-type":"","background-media":"","overlay-type":"","overlay-color":"","overlay-opacity":"","overlay-gradient":""},"mobile":{"background-color":"","background-image":"","background-repeat":"repeat","background-position":"center center","background-size":"auto","background-attachment":"scroll","background-type":"","background-media":"","overlay-type":"","overlay-color":"","overlay-opacity":"","overlay-gradient":""}},"ast-content-background-meta":{"desktop":{"background-color":"var(--ast-global-color-4)","background-image":"","background-repeat":"repeat","background-position":"center center","background-size":"auto","background-attachment":"scroll","background-type":"","background-media":"","overlay-type":"","overlay-color":"","overlay-opacity":"","overlay-gradient":""},"tablet":{"background-color":"var(--ast-global-color-4)","background-image":"","background-repeat":"repeat","background-position":"center center","background-size":"auto","background-attachment":"scroll","background-type":"","background-media":"","overlay-type":"","overlay-color":"","overlay-opacity":"","overlay-gradient":""},"mobile":{"background-color":"var(--ast-global-color-4)","background-image":"","background-repeat":"repeat","background-position":"center center","background-size":"auto","background-attachment":"scroll","background-type":"","background-media":"","overlay-type":"","overlay-color":"","overlay-opacity":"","overlay-gradient":""}},"footnotes":""},"class_list":["post-179","page","type-page","status-publish","hentry"],"uagb_featured_image_src":{"full":false,"thumbnail":false,"medium":false,"medium_large":false,"large":false,"1536x1536":false,"2048x2048":false},"uagb_author_info":{"display_name":"Admin-AW0cV","author_link":"https:\/\/timberlanemcleanpyramid.com\/?author=1"},"uagb_comment_info":0,"uagb_excerpt":"\u00a1Guarde los l\u00edmites geogr\u00e1ficos existentes de la escuela Timberlane\/Longfellow\/McLean! El&nbsp;15 de mayo de 2025,&nbsp;el Comit\u00e9 de L\u00edmites de las Escuelas [&hellip;]","_links":{"self":[{"href":"https:\/\/timberlanemcleanpyramid.com\/index.php?rest_route=\/wp\/v2\/pages\/179","targetHints":{"allow":["GET"]}}],"collection":[{"href":"https:\/\/timberlanemcleanpyramid.com\/index.php?rest_route=\/wp\/v2\/pages"}],"about":[{"href":"https:\/\/timberlanemcleanpyramid.com\/index.php?rest_route=\/wp\/v2\/types\/page"}],"author":[{"embeddable":true,"href":"https:\/\/timberlanemcleanpyramid.com\/index.php?rest_route=\/wp\/v2\/users\/1"}],"replies":[{"embeddable":true,"href":"https:\/\/timberlanemcleanpyramid.com\/index.php?rest_route=%2Fwp%2Fv2%2Fcomments&post=179"}],"version-history":[{"count":5,"href":"https:\/\/timberlanemcleanpyramid.com\/index.php?rest_route=\/wp\/v2\/pages\/179\/revisions"}],"predecessor-version":[{"id":409,"href":"https:\/\/timberlanemcleanpyramid.com\/index.php?rest_route=\/wp\/v2\/pages\/179\/revisions\/409"}],"wp:attachment":[{"href":"https:\/\/timberlanemcleanpyramid.com\/index.php?rest_route=%2Fwp%2Fv2%2Fmedia&parent=179"}],"curies":[{"name":"wp","href":"https:\/\/api.w.org\/{rel}","templated":true}]}}